{"id":2281,"date":"2022-10-06T15:24:05","date_gmt":"2022-10-06T13:24:05","guid":{"rendered":"https:\/\/trattoriadalloste.com\/?page_id=2281"},"modified":"2022-10-10T10:17:14","modified_gmt":"2022-10-10T08:17:14","slug":"historia","status":"publish","type":"page","link":"https:\/\/trattoriadalloste.com\/es\/historia\/","title":{"rendered":"Historia"},"content":{"rendered":"\t\t<div data-elementor-type=\"wp-page\" data-elementor-id=\"2281\" class=\"elementor elementor-2281\">\n\t\t\t\t\t\t<section class=\"elementor-section elementor-top-section elementor-element elementor-element-17a48e1 elementor-section-boxed elementor-section-height-default elementor-section-height-default\" data-id=\"17a48e1\" data-element_type=\"section\" data-e-type=\"section\" data-settings=\"{&quot;background_background&quot;:&quot;classic&quot;}\">\n\t\t\t\t\t\t<div class=\"elementor-container elementor-column-gap-no\">\n\t\t\t\t\t<div class=\"elementor-column elementor-col-100 elementor-top-column elementor-element elementor-element-8b1e7b3\" data-id=\"8b1e7b3\" data-element_type=\"column\" data-e-type=\"column\">\n\t\t\t<div class=\"elementor-widget-wrap elementor-element-populated\">\n\t\t\t\t\t\t<div class=\"elementor-element elementor-element-b45a2c5 elementor-widget elementor-widget-heading\" data-id=\"b45a2c5\" data-element_type=\"widget\" data-e-type=\"widget\" data-widget_type=\"heading.default\">\n\t\t\t\t<div class=\"elementor-widget-container\">\n\t\t\t\t\t<h1 class=\"elementor-heading-title elementor-size-default\">NUESTRA HISTORIA<\/h1>\t\t\t\t<\/div>\n\t\t\t\t<\/div>\n\t\t\t\t<div class=\"elementor-element elementor-element-0364fe7 elementor-widget elementor-widget-heading\" data-id=\"0364fe7\" data-element_type=\"widget\" data-e-type=\"widget\" data-widget_type=\"heading.default\">\n\t\t\t\t<div class=\"elementor-widget-container\">\n\t\t\t\t\t<h3 class=\"elementor-heading-title elementor-size-default\">Nuestra carne<\/h3>\t\t\t\t<\/div>\n\t\t\t\t<\/div>\n\t\t\t\t<div class=\"elementor-element elementor-element-827e9a6 elementor-widget elementor-widget-heading\" data-id=\"827e9a6\" data-element_type=\"widget\" data-e-type=\"widget\" data-widget_type=\"heading.default\">\n\t\t\t\t<div class=\"elementor-widget-container\">\n\t\t\t\t\t<h6 class=\"elementor-heading-title elementor-size-default\">\n\nDESDE 1979, UNA HISTORIA DE PASI\u00d3N\n<\/h6>\t\t\t\t<\/div>\n\t\t\t\t<\/div>\n\t\t\t\t\t<\/div>\n\t\t<\/div>\n\t\t\t\t\t<\/div>\n\t\t<\/section>\n\t\t\t\t<section class=\"elementor-section elementor-top-section elementor-element elementor-element-8b1499d elementor-section-boxed elementor-section-height-default elementor-section-height-default\" data-id=\"8b1499d\" data-element_type=\"section\" data-e-type=\"section\">\n\t\t\t\t\t\t<div class=\"elementor-container elementor-column-gap-default\">\n\t\t\t\t\t<div class=\"elementor-column elementor-col-100 elementor-top-column elementor-element elementor-element-49152f8\" data-id=\"49152f8\" data-element_type=\"column\" data-e-type=\"column\">\n\t\t\t<div class=\"elementor-widget-wrap elementor-element-populated\">\n\t\t\t\t\t\t<div class=\"elementor-element elementor-element-2a119a5 elementor-widget elementor-widget-text-editor\" data-id=\"2a119a5\" data-element_type=\"widget\" data-e-type=\"widget\" data-widget_type=\"text-editor.default\">\n\t\t\t\t<div class=\"elementor-widget-container\">\n\t\t\t\t\t\t\t\t\t<p>Que la Trattoria dall\u2019Oste sea hoy un punto de referencia en el panorama de la restauraci\u00f3n florentina es un hecho pero, nosotros no sent\u00edamos eso en el inicio de nuestro viaje.<br \/>Un viaje iniciado e llevado hacia delante con la pasi\u00f3n de la juventud de nuestro grupo de chicos que se ha comprometido con el patrimonio centenario de la Bistecca florentina, el plato m\u00e1s tradicional de nuestra cocina.<\/p>\t\t\t\t\t\t\t\t<\/div>\n\t\t\t\t<\/div>\n\t\t\t\t\t<\/div>\n\t\t<\/div>\n\t\t\t\t\t<\/div>\n\t\t<\/section>\n\t\t\t\t<section class=\"elementor-section elementor-top-section elementor-element elementor-element-71689f1 elementor-section-boxed elementor-section-height-default elementor-section-height-default\" data-id=\"71689f1\" data-element_type=\"section\" data-e-type=\"section\">\n\t\t\t\t\t\t<div class=\"elementor-container elementor-column-gap-default\">\n\t\t\t\t\t<div class=\"elementor-column elementor-col-100 elementor-top-column elementor-element elementor-element-6ee30bf\" data-id=\"6ee30bf\" data-element_type=\"column\" data-e-type=\"column\">\n\t\t\t<div class=\"elementor-widget-wrap elementor-element-populated\">\n\t\t\t\t\t\t<div class=\"elementor-element elementor-element-a2d4597 elementor-widget elementor-widget-text-editor\" data-id=\"a2d4597\" data-element_type=\"widget\" data-e-type=\"widget\" data-widget_type=\"text-editor.default\">\n\t\t\t\t<div class=\"elementor-widget-container\">\n\t\t\t\t\t\t\t\t\t<div class=\"row_col_wrap_12_inner col span_12 left\"><div class=\"vc_col-sm-12 wpb_column column_container vc_column_container col child_column has-animation padding-5-percent triggered-animation animated-in\" data-padding-pos=\"all\" data-has-bg-color=\"false\" data-bg-color=\"\" data-bg-opacity=\"1\" data-animation=\"grow-in\" data-delay=\"0\"><div class=\"vc_column-inner\"><div class=\"wpb_wrapper\"><div class=\"wpb_text_column wpb_content_element \"><div class=\"wpb_wrapper\"><p>Noi della Trattoria Dall\u2019Oste abbiamo infatti puntato tutto sulla carne, in un <strong>investimento<\/strong> che \u00e8 <strong>culturale<\/strong> prima ancora che professionale; un approfondimento sia gastronomico che personale, che accomuna i nostri addetti ai lavori e tutti i nostri collaboratori nella ricerca di <strong>allevamenti etici e sostenibili<\/strong>, nella selezione delle <strong>migliori carni nazionali ed internazionali<\/strong> in un continuo processo di formazione.<\/p><\/div><\/div><\/div><\/div><\/div><\/div>\t\t\t\t\t\t\t\t<\/div>\n\t\t\t\t<\/div>\n\t\t\t\t\t<\/div>\n\t\t<\/div>\n\t\t\t\t\t<\/div>\n\t\t<\/section>\n\t\t\t\t<section class=\"elementor-section elementor-top-section elementor-element elementor-element-2f944c7 elementor-section-full_width elementor-section-height-default elementor-section-height-default\" data-id=\"2f944c7\" data-element_type=\"section\" data-e-type=\"section\" data-settings=\"{&quot;background_background&quot;:&quot;classic&quot;}\">\n\t\t\t\t\t\t<div class=\"elementor-container elementor-column-gap-no\">\n\t\t\t\t\t<div class=\"elementor-column elementor-col-100 elementor-top-column elementor-element elementor-element-2019d47\" data-id=\"2019d47\" data-element_type=\"column\" data-e-type=\"column\">\n\t\t\t<div class=\"elementor-widget-wrap elementor-element-populated\">\n\t\t\t\t\t\t<div class=\"elementor-element elementor-element-db163da elementor-widget elementor-widget-heading\" data-id=\"db163da\" data-element_type=\"widget\" data-e-type=\"widget\" data-widget_type=\"heading.default\">\n\t\t\t\t<div class=\"elementor-widget-container\">\n\t\t\t\t\t<h1 class=\"elementor-heading-title elementor-size-default\">DALLOSTE<\/h1>\t\t\t\t<\/div>\n\t\t\t\t<\/div>\n\t\t\t\t<div class=\"elementor-element elementor-element-02e815f elementor-widget elementor-widget-heading\" data-id=\"02e815f\" data-element_type=\"widget\" data-e-type=\"widget\" data-widget_type=\"heading.default\">\n\t\t\t\t<div class=\"elementor-widget-container\">\n\t\t\t\t\t<h4 class=\"elementor-heading-title elementor-size-default\">FIRENZE<\/h4>\t\t\t\t<\/div>\n\t\t\t\t<\/div>\n\t\t\t\t\t<\/div>\n\t\t<\/div>\n\t\t\t\t\t<\/div>\n\t\t<\/section>\n\t\t\t\t<section class=\"elementor-section elementor-top-section elementor-element elementor-element-a11a921 elementor-section-boxed elementor-section-height-default elementor-section-height-default\" data-id=\"a11a921\" data-element_type=\"section\" data-e-type=\"section\">\n\t\t\t\t\t\t<div class=\"elementor-container elementor-column-gap-default\">\n\t\t\t\t\t<div class=\"elementor-column elementor-col-100 elementor-top-column elementor-element elementor-element-33c6edf\" data-id=\"33c6edf\" data-element_type=\"column\" data-e-type=\"column\">\n\t\t\t<div class=\"elementor-widget-wrap elementor-element-populated\">\n\t\t\t\t\t\t<div class=\"elementor-element elementor-element-4bae3bb elementor-widget elementor-widget-text-editor\" data-id=\"4bae3bb\" data-element_type=\"widget\" data-e-type=\"widget\" data-widget_type=\"text-editor.default\">\n\t\t\t\t<div class=\"elementor-widget-container\">\n\t\t\t\t\t\t\t\t\t<p>Desde la Trattoria dall\u2019Oste, nos hemos centrado en la carne, en una inversi\u00f3n que es m\u00e1s cultural que profesional, una profundizaci\u00f3n tanto gastron\u00f3mica como personal, que une a nuestros empleados y a nuestros colaboradores (entre los que se incluyen proveedores de probada seriedad) en la b\u00fasqueda de crianza \u00e9tica y sostenible, en la selecci\u00f3n de la mejor carne nacional e internacional en un proceso de formaci\u00f3n continuo.<\/p>\t\t\t\t\t\t\t\t<\/div>\n\t\t\t\t<\/div>\n\t\t\t\t\t<\/div>\n\t\t<\/div>\n\t\t\t\t\t<\/div>\n\t\t<\/section>\n\t\t\t\t<section class=\"elementor-section elementor-top-section elementor-element elementor-element-4dffe0f elementor-section-full_width elementor-section-height-default elementor-section-height-default\" data-id=\"4dffe0f\" data-element_type=\"section\" data-e-type=\"section\" data-settings=\"{&quot;background_background&quot;:&quot;classic&quot;}\">\n\t\t\t\t\t\t<div class=\"elementor-container elementor-column-gap-no\">\n\t\t\t\t\t<div class=\"elementor-column elementor-col-100 elementor-top-column elementor-element elementor-element-e7aa403\" data-id=\"e7aa403\" data-element_type=\"column\" data-e-type=\"column\">\n\t\t\t<div class=\"elementor-widget-wrap elementor-element-populated\">\n\t\t\t\t\t\t<div class=\"elementor-element elementor-element-adaac20 elementor-widget elementor-widget-heading\" data-id=\"adaac20\" data-element_type=\"widget\" data-e-type=\"widget\" data-widget_type=\"heading.default\">\n\t\t\t\t<div class=\"elementor-widget-container\">\n\t\t\t\t\t<h1 class=\"elementor-heading-title elementor-size-default\">DALLOSTE<\/h1>\t\t\t\t<\/div>\n\t\t\t\t<\/div>\n\t\t\t\t<div class=\"elementor-element elementor-element-80170b9 elementor-widget elementor-widget-heading\" data-id=\"80170b9\" data-element_type=\"widget\" data-e-type=\"widget\" data-widget_type=\"heading.default\">\n\t\t\t\t<div class=\"elementor-widget-container\">\n\t\t\t\t\t<h4 class=\"elementor-heading-title elementor-size-default\">FIRENZE<\/h4>\t\t\t\t<\/div>\n\t\t\t\t<\/div>\n\t\t\t\t\t<\/div>\n\t\t<\/div>\n\t\t\t\t\t<\/div>\n\t\t<\/section>\n\t\t\t\t<section class=\"elementor-section elementor-top-section elementor-element elementor-element-71859c8 elementor-section-boxed elementor-section-height-default elementor-section-height-default\" data-id=\"71859c8\" data-element_type=\"section\" data-e-type=\"section\">\n\t\t\t\t\t\t<div class=\"elementor-container elementor-column-gap-default\">\n\t\t\t\t\t<div class=\"elementor-column elementor-col-100 elementor-top-column elementor-element elementor-element-87f06ca\" data-id=\"87f06ca\" data-element_type=\"column\" data-e-type=\"column\">\n\t\t\t<div class=\"elementor-widget-wrap elementor-element-populated\">\n\t\t\t\t\t\t<div class=\"elementor-element elementor-element-fbf9a21 elementor-widget elementor-widget-text-editor\" data-id=\"fbf9a21\" data-element_type=\"widget\" data-e-type=\"widget\" data-widget_type=\"text-editor.default\">\n\t\t\t\t<div class=\"elementor-widget-container\">\n\t\t\t\t\t\t\t\t\tLo nuestro es una pasi\u00f3n que sobretodo envuelve al cliente, a quien le queremos ofrecer una experiencia gastron\u00f3mica y esa conciencia de \u00absaber c\u00f3mo comer\u00bb. Por ello, presentamos una nueva figura dentro de nuestros restaurantes, el Meat Sommelier, un carnicero que desde el mostrador es capaz de guiar a los comensales a descubrir nuestro men\u00fa, siempre buscando las mejores opciones para cada paladar.\t\t\t\t\t\t\t\t<\/div>\n\t\t\t\t<\/div>\n\t\t\t\t\t<\/div>\n\t\t<\/div>\n\t\t\t\t\t<\/div>\n\t\t<\/section>\n\t\t\t\t<\/div>\n\t\t","protected":false},"excerpt":{"rendered":"<p>NUESTRA HISTORIA Nuestra carne DESDE 1979, UNA HISTORIA DE PASI\u00d3N Que la Trattoria dall\u2019Oste sea hoy un punto de referencia en el panorama de la restauraci\u00f3n florentina es un hecho pero, nosotros no sent\u00edamos eso en el inicio de nuestro viaje.Un viaje iniciado e llevado hacia delante con la pasi\u00f3n de la juventud de nuestro [&hellip;]<\/p>\n","protected":false},"author":1,"featured_media":0,"parent":0,"menu_order":0,"comment_status":"closed","ping_status":"closed","template":"elementor_header_footer","meta":{"site-sidebar-layout":"no-sidebar","site-content-layout":"page-builder","ast-site-content-layout":"default","site-content-style":"default","site-sidebar-style":"default","ast-global-header-display":"","ast-banner-title-visibility":"","ast-main-header-display":"","ast-hfb-above-header-display":"","ast-hfb-below-header-display":"","ast-hfb-mobile-header-display":"","site-post-title":"disabled","ast-breadcrumbs-content":"","ast-featured-img":"disabled","footer-sml-layout":"","ast-disable-related-posts":"","theme-transparent-header-meta":"default","adv-header-id-meta":"","stick-header-meta":"","header-above-stick-meta":"","header-main-stick-meta":"","header-below-stick-meta":"","astra-migrate-meta-layouts":"default","ast-page-background-enabled":"default","ast-page-background-meta":{"desktop":{"background-color":"var(--ast-global-color-4)","background-image":"","background-repeat":"repeat","background-position":"center center","background-size":"auto","background-attachment":"scroll","background-type":"","background-media":"","overlay-type":"","overlay-color":"","overlay-opacity":"","overlay-gradient":""},"tablet":{"background-color":"","background-image":"","background-repeat":"repeat","background-position":"center center","background-size":"auto","background-attachment":"scroll","background-type":"","background-media":"","overlay-type":"","overlay-color":"","overlay-opacity":"","overlay-gradient":""},"mobile":{"background-color":"","background-image":"","background-repeat":"repeat","background-position":"center center","background-size":"auto","background-attachment":"scroll","background-type":"","background-media":"","overlay-type":"","overlay-color":"","overlay-opacity":"","overlay-gradient":""}},"ast-content-background-meta":{"desktop":{"background-color":"var(--ast-global-color-5)","background-image":"","background-repeat":"repeat","background-position":"center center","background-size":"auto","background-attachment":"scroll","background-type":"","background-media":"","overlay-type":"","overlay-color":"","overlay-opacity":"","overlay-gradient":""},"tablet":{"background-color":"var(--ast-global-color-5)","background-image":"","background-repeat":"repeat","background-position":"center center","background-size":"auto","background-attachment":"scroll","background-type":"","background-media":"","overlay-type":"","overlay-color":"","overlay-opacity":"","overlay-gradient":""},"mobile":{"background-color":"var(--ast-global-color-5)","background-image":"","background-repeat":"repeat","background-position":"center center","background-size":"auto","background-attachment":"scroll","background-type":"","background-media":"","overlay-type":"","overlay-color":"","overlay-opacity":"","overlay-gradient":""}},"footnotes":""},"class_list":["post-2281","page","type-page","status-publish","hentry"],"yoast_head":"<!-- This site is optimized with the Yoast SEO plugin v27.2 - https:\/\/yoast.com\/product\/yoast-seo-wordpress\/ -->\n<title>Historia - Trattoria dalloste - Firenze<\/title>\n<meta name=\"robots\" content=\"index, follow, max-snippet:-1, max-image-preview:large, max-video-preview:-1\" \/>\n<link rel=\"canonical\" href=\"https:\/\/trattoriadalloste.com\/es\/historia\/\" \/>\n<meta property=\"og:locale\" content=\"es_ES\" \/>\n<meta property=\"og:type\" content=\"article\" \/>\n<meta property=\"og:title\" content=\"Historia - Trattoria dalloste - Firenze\" \/>\n<meta property=\"og:description\" content=\"NUESTRA HISTORIA Nuestra carne DESDE 1979, UNA HISTORIA DE PASI\u00d3N Que la Trattoria dall\u2019Oste sea hoy un punto de referencia en el panorama de la restauraci\u00f3n florentina es un hecho pero, nosotros no sent\u00edamos eso en el inicio de nuestro viaje.Un viaje iniciado e llevado hacia delante con la pasi\u00f3n de la juventud de nuestro [&hellip;]\" \/>\n<meta property=\"og:url\" content=\"https:\/\/trattoriadalloste.com\/es\/historia\/\" \/>\n<meta property=\"og:site_name\" content=\"Trattoria dalloste - Firenze\" \/>\n<meta property=\"article:publisher\" content=\"https:\/\/www.facebook.com\/trattoriadalloste\/\" \/>\n<meta property=\"article:modified_time\" content=\"2022-10-10T08:17:14+00:00\" \/>\n<meta name=\"twitter:card\" content=\"summary_large_image\" \/>\n<meta name=\"twitter:label1\" content=\"Tiempo de lectura\" \/>\n\t<meta name=\"twitter:data1\" content=\"1 minuto\" \/>\n<script type=\"application\/ld+json\" class=\"yoast-schema-graph\">{\"@context\":\"https:\/\/schema.org\",\"@graph\":[{\"@type\":\"WebPage\",\"@id\":\"https:\/\/trattoriadalloste.com\/es\/historia\/\",\"url\":\"https:\/\/trattoriadalloste.com\/es\/historia\/\",\"name\":\"Historia - Trattoria dalloste - Firenze\",\"isPartOf\":{\"@id\":\"https:\/\/trattoriadalloste.com\/es\/#website\"},\"datePublished\":\"2022-10-06T13:24:05+00:00\",\"dateModified\":\"2022-10-10T08:17:14+00:00\",\"breadcrumb\":{\"@id\":\"https:\/\/trattoriadalloste.com\/es\/historia\/#breadcrumb\"},\"inLanguage\":\"es\",\"potentialAction\":[{\"@type\":\"ReadAction\",\"target\":[\"https:\/\/trattoriadalloste.com\/es\/historia\/\"]}]},{\"@type\":\"BreadcrumbList\",\"@id\":\"https:\/\/trattoriadalloste.com\/es\/historia\/#breadcrumb\",\"itemListElement\":[{\"@type\":\"ListItem\",\"position\":1,\"name\":\"Best steakhouse\",\"item\":\"https:\/\/trattoriadalloste.com\/es\/\"},{\"@type\":\"ListItem\",\"position\":2,\"name\":\"Historia\"}]},{\"@type\":\"WebSite\",\"@id\":\"https:\/\/trattoriadalloste.com\/es\/#website\",\"url\":\"https:\/\/trattoriadalloste.com\/es\/\",\"name\":\"Trattoria dalloste - Firenze\",\"description\":\"Best Steakhouse\",\"publisher\":{\"@id\":\"https:\/\/trattoriadalloste.com\/es\/#organization\"},\"potentialAction\":[{\"@type\":\"SearchAction\",\"target\":{\"@type\":\"EntryPoint\",\"urlTemplate\":\"https:\/\/trattoriadalloste.com\/es\/?s={search_term_string}\"},\"query-input\":{\"@type\":\"PropertyValueSpecification\",\"valueRequired\":true,\"valueName\":\"search_term_string\"}}],\"inLanguage\":\"es\"},{\"@type\":\"Organization\",\"@id\":\"https:\/\/trattoriadalloste.com\/es\/#organization\",\"name\":\"Trattoria dall'Oste - Firenze\",\"url\":\"https:\/\/trattoriadalloste.com\/es\/\",\"logo\":{\"@type\":\"ImageObject\",\"inLanguage\":\"es\",\"@id\":\"https:\/\/trattoriadalloste.com\/es\/#\/schema\/logo\/image\/\",\"url\":\"https:\/\/trattoriadalloste.com\/wp-content\/uploads\/2024\/01\/TRATTORIA-OSTE_Logo-01-2018_01_07-10_19_08-UTC-copia-300x180-1-1.png\",\"contentUrl\":\"https:\/\/trattoriadalloste.com\/wp-content\/uploads\/2024\/01\/TRATTORIA-OSTE_Logo-01-2018_01_07-10_19_08-UTC-copia-300x180-1-1.png\",\"width\":96,\"height\":96,\"caption\":\"Trattoria dall'Oste - Firenze\"},\"image\":{\"@id\":\"https:\/\/trattoriadalloste.com\/es\/#\/schema\/logo\/image\/\"},\"sameAs\":[\"https:\/\/www.facebook.com\/trattoriadalloste\/\",\"https:\/\/www.instagram.com\/trattoriadalloste\/\"]}]}<\/script>\n<!-- \/ Yoast SEO plugin. -->","yoast_head_json":{"title":"Historia - Trattoria dalloste - Firenze","robots":{"index":"index","follow":"follow","max-snippet":"max-snippet:-1","max-image-preview":"max-image-preview:large","max-video-preview":"max-video-preview:-1"},"canonical":"https:\/\/trattoriadalloste.com\/es\/historia\/","og_locale":"es_ES","og_type":"article","og_title":"Historia - Trattoria dalloste - Firenze","og_description":"NUESTRA HISTORIA Nuestra carne DESDE 1979, UNA HISTORIA DE PASI\u00d3N Que la Trattoria dall\u2019Oste sea hoy un punto de referencia en el panorama de la restauraci\u00f3n florentina es un hecho pero, nosotros no sent\u00edamos eso en el inicio de nuestro viaje.Un viaje iniciado e llevado hacia delante con la pasi\u00f3n de la juventud de nuestro [&hellip;]","og_url":"https:\/\/trattoriadalloste.com\/es\/historia\/","og_site_name":"Trattoria dalloste - Firenze","article_publisher":"https:\/\/www.facebook.com\/trattoriadalloste\/","article_modified_time":"2022-10-10T08:17:14+00:00","twitter_card":"summary_large_image","twitter_misc":{"Tiempo de lectura":"1 minuto"},"schema":{"@context":"https:\/\/schema.org","@graph":[{"@type":"WebPage","@id":"https:\/\/trattoriadalloste.com\/es\/historia\/","url":"https:\/\/trattoriadalloste.com\/es\/historia\/","name":"Historia - Trattoria dalloste - Firenze","isPartOf":{"@id":"https:\/\/trattoriadalloste.com\/es\/#website"},"datePublished":"2022-10-06T13:24:05+00:00","dateModified":"2022-10-10T08:17:14+00:00","breadcrumb":{"@id":"https:\/\/trattoriadalloste.com\/es\/historia\/#breadcrumb"},"inLanguage":"es","potentialAction":[{"@type":"ReadAction","target":["https:\/\/trattoriadalloste.com\/es\/historia\/"]}]},{"@type":"BreadcrumbList","@id":"https:\/\/trattoriadalloste.com\/es\/historia\/#breadcrumb","itemListElement":[{"@type":"ListItem","position":1,"name":"Best steakhouse","item":"https:\/\/trattoriadalloste.com\/es\/"},{"@type":"ListItem","position":2,"name":"Historia"}]},{"@type":"WebSite","@id":"https:\/\/trattoriadalloste.com\/es\/#website","url":"https:\/\/trattoriadalloste.com\/es\/","name":"Trattoria dalloste - Firenze","description":"Best Steakhouse","publisher":{"@id":"https:\/\/trattoriadalloste.com\/es\/#organization"},"potentialAction":[{"@type":"SearchAction","target":{"@type":"EntryPoint","urlTemplate":"https:\/\/trattoriadalloste.com\/es\/?s={search_term_string}"},"query-input":{"@type":"PropertyValueSpecification","valueRequired":true,"valueName":"search_term_string"}}],"inLanguage":"es"},{"@type":"Organization","@id":"https:\/\/trattoriadalloste.com\/es\/#organization","name":"Trattoria dall'Oste - Firenze","url":"https:\/\/trattoriadalloste.com\/es\/","logo":{"@type":"ImageObject","inLanguage":"es","@id":"https:\/\/trattoriadalloste.com\/es\/#\/schema\/logo\/image\/","url":"https:\/\/trattoriadalloste.com\/wp-content\/uploads\/2024\/01\/TRATTORIA-OSTE_Logo-01-2018_01_07-10_19_08-UTC-copia-300x180-1-1.png","contentUrl":"https:\/\/trattoriadalloste.com\/wp-content\/uploads\/2024\/01\/TRATTORIA-OSTE_Logo-01-2018_01_07-10_19_08-UTC-copia-300x180-1-1.png","width":96,"height":96,"caption":"Trattoria dall'Oste - Firenze"},"image":{"@id":"https:\/\/trattoriadalloste.com\/es\/#\/schema\/logo\/image\/"},"sameAs":["https:\/\/www.facebook.com\/trattoriadalloste\/","https:\/\/www.instagram.com\/trattoriadalloste\/"]}]}},"_links":{"self":[{"href":"https:\/\/trattoriadalloste.com\/es\/wp-json\/wp\/v2\/pages\/2281","targetHints":{"allow":["GET"]}}],"collection":[{"href":"https:\/\/trattoriadalloste.com\/es\/wp-json\/wp\/v2\/pages"}],"about":[{"href":"https:\/\/trattoriadalloste.com\/es\/wp-json\/wp\/v2\/types\/page"}],"author":[{"embeddable":true,"href":"https:\/\/trattoriadalloste.com\/es\/wp-json\/wp\/v2\/users\/1"}],"replies":[{"embeddable":true,"href":"https:\/\/trattoriadalloste.com\/es\/wp-json\/wp\/v2\/comments?post=2281"}],"version-history":[{"count":7,"href":"https:\/\/trattoriadalloste.com\/es\/wp-json\/wp\/v2\/pages\/2281\/revisions"}],"predecessor-version":[{"id":3331,"href":"https:\/\/trattoriadalloste.com\/es\/wp-json\/wp\/v2\/pages\/2281\/revisions\/3331"}],"wp:attachment":[{"href":"https:\/\/trattoriadalloste.com\/es\/wp-json\/wp\/v2\/media?parent=2281"}],"curies":[{"name":"wp","href":"https:\/\/api.w.org\/{rel}","templated":true}]}}